{"id":168,"date":"2025-02-13T15:05:41","date_gmt":"2025-02-13T14:05:41","guid":{"rendered":"http:\/\/kvak.info\/?page_id=168"},"modified":"2026-01-26T13:01:56","modified_gmt":"2026-01-26T12:01:56","slug":"vesnicky-tabor-v-kvaku","status":"publish","type":"page","link":"https:\/\/kvak.info\/index.php\/vesnicky-tabor-v-kvaku\/","title":{"rendered":"Vesnick\u00fd t\u00e1bor v\u00a0KVAKu 2026"},"content":{"rendered":"\n<p>Nab\u00edz\u00edme KERAMIKU, SPORT , V\u00ddLETY, KOUP\u00c1N\u00cd : n\u00e1v\u0161t\u011bvu RYB\u00cdCH S\u00c1DEK a CHYT\u00c1N\u00cd RYB, V\u00ddSTAVU, MALOV\u00c1N\u00cd, KOLEKTIVN\u00cd HRY<\/p>\n\n\n\n<p>Mil\u00e9 d\u011bti a&nbsp;rodi\u010de, dovolujeme si V\u00e1m nab\u00eddnout denn\u00ed program pro d\u011bti v&nbsp;dob\u011b pr\u00e1zdnin.<br>Program: v\u00fdtvarn\u00e9 a rukod\u011bln\u00e9 \u010dinnosti, keramika, hry, vych\u00e1zky, \u010detba, hudebn\u00ed n\u00e1stroje v\u00edt\u00e1ny!<\/p>\n\n\n\n<p>V&nbsp;dob\u011b: od 7:30 do 16 hodin<\/p>\n\n\n\n<p>Posledn\u00ed den ve\u010dern\u00ed T\u00c1BOR\u00c1K<\/p>\n\n\n\n<p><br><strong>Mo\u017enosti pobytu:<\/strong><br>A \u2014 dopoledn\u00ed: od 7:30 do 12 hodin s&nbsp;ob\u011bdem do 13 hodin<br>B \u2014 celodenn\u00ed: od 7:30 do 15:30 hodin<br>C \u2014 odpoledn\u00ed: od 13 do 16:00 hodin<\/p>\n\n\n\n<p><br><strong>R\u00e1mcov\u00fd program:<\/strong><br>&nbsp;7:30&nbsp; &#8211;&nbsp; 8:00 p\u0159\u00edchod d\u011bt\u00ed, rozcvi\u010dka, hry.<br>&nbsp;8:00&nbsp;&#8211;&nbsp; 9v\u00fdtvarn\u00e9 a rukod\u011bln\u00e9 \u010dinnosti<br>&nbsp;9&nbsp; &nbsp; &nbsp; &nbsp;&#8211; 10 kolektivn\u00ed hry<br>10&nbsp; &nbsp; &nbsp;&#8211;&nbsp; 10:30 sva\u010dina<br>10:30- 12 vych\u00e1zka<br>12&nbsp; &nbsp; &nbsp;&#8211;&nbsp; 13 ob\u011bd a \u010detba po ob\u011bd\u011b<br>13&nbsp; &nbsp; &nbsp;&#8211;&nbsp; 16 keramika, hry, sva\u010dina<\/p>\n\n\n\n<p><strong>Stravov\u00e1n\u00ed&nbsp;<\/strong><\/p>\n\n\n\n<ul class=\"wp-block-list\">\n<li>Sva\u010dina dopoledn\u00ed: 50,- K\u010d<\/li>\n\n\n\n<li>Ob\u011bd: 90,- K\u010d<\/li>\n\n\n\n<li>Sva\u010dina odpoledn\u00ed: 50,-K\u010d<\/li>\n\n\n\n<li>je mo\u017en\u00e9 si objednat i sn\u00eddani\/ nebo ob\u010derstven\u00ed t\u00e1bor\u00e1k : 50,-K\u010d<\/li>\n\n\n\n<li>pitn\u00fd re\u017eim po celou dobu pobytu 10,- K\u010d<\/li>\n<\/ul>\n\n\n\n<p><strong>Pobyt:<\/strong><br>A &#8211; dopoledn\u00ed\u00a0 \u00a0200 K\u010d<br>B &#8211; celodenn\u00ed\u00a0 \u00a0350,-K\u010d<br>C &#8211; odpoledn\u00ed\u00a0 150,-K\u010d<\/p>\n\n\n\n<p>Cel\u00fd 6 denn\u00ed turnus &#8211; 3000,- K\u010d<\/p>\n\n\n\n<p><strong>Term\u00edny t\u00e1bor\u016f:&nbsp;<\/strong><\/p>\n\n\n\n<p>Term\u00edny t\u00e1bor\u016f jsou v\u010detn\u011b posledn\u00ed soboty, kdy si d\u011bti odn\u00e1\u0161\u00ed v\u00fdrobky a je vyhdnocen\u00ed t\u00e1bora.&nbsp;<\/p>\n\n\n\n<p>20.7. &#8211; 25.7.2026<\/p>\n\n\n\n<p>17.8. &#8211;&nbsp; 22.8.2026<\/p>\n\n\n\n<p>P\u0159ihl\u00e1\u0161ku si m\u016f\u017eete st\u00e1hnout ve slo\u017ece- ke sta\u017een\u00ed. Aby byla p\u0159ihl\u00e1\u0161ka z\u00e1vazn\u00e1, uhra\u010fte pros\u00edm&nbsp;<br>sou\u010dasn\u011b z\u00e1lohu 1000,- K\u010d, sourozenci 500,- K\u010d\/ osoba. M\u016f\u017eete se individu\u00e1ln\u011b p\u0159ihl\u00e1sit i na jednotliv\u00e9 dny.&nbsp; &nbsp; &nbsp; &nbsp; &nbsp; &nbsp; &nbsp; &nbsp; &nbsp; &nbsp; &nbsp; &nbsp; &nbsp; &nbsp; &nbsp; &nbsp; &nbsp; &nbsp; &nbsp; &nbsp; &nbsp; &nbsp; &nbsp; &nbsp; &nbsp; &nbsp; &nbsp; &nbsp; &nbsp; &nbsp; &nbsp; &nbsp; &nbsp; &nbsp; &nbsp; &nbsp; &nbsp; &nbsp; &nbsp; &nbsp; &nbsp; &nbsp; &nbsp; &nbsp; &nbsp; &nbsp; &nbsp; &nbsp; &nbsp; &nbsp; &nbsp; &nbsp; &nbsp; &nbsp; &nbsp; &nbsp; Kapacita t\u00e1bora : 8 d\u011bt\u00ed<\/p>\n\n\n\n<p><br>P\u0159ihl\u00e1\u0161ky (dopl\u0148te pros\u00edm v p\u0159ihl\u00e1\u0161ce&nbsp; k telefonu i v\u00e1\u0161 e-mail) i dotazy pos\u00edlejte na&nbsp;<a href=\"mailto:keramikakvak@gmail.com\">keramikakvak@gmail.com<\/a>&nbsp;&#8211; nebo se osobn\u011b m\u016f\u017eete p\u0159ihl\u00e1sit v&nbsp;ateli\u00e9ru KVAKu, Kon\u011b\u0161\u00edn 24,&nbsp;dal\u0161\u00ed informace dostanete na telefonu:&nbsp;<strong>724&nbsp;781&nbsp;800<\/strong>. Pros\u00edm, infromujte se p\u0159edem o voln\u00fdch m\u00edstech.&nbsp;<\/p>\n","protected":false},"excerpt":{"rendered":"<p>Nab\u00edz\u00edme KERAMIKU, SPORT , V\u00ddLETY, KOUP\u00c1N\u00cd : n\u00e1v\u0161t\u011bvu RYB\u00cdCH S\u00c1DEK a CHYT\u00c1N\u00cd RYB, V\u00ddSTAVU, MALOV\u00c1N\u00cd, KOLEKTIVN\u00cd HRY Mil\u00e9 d\u011bti a&nbsp;rodi\u010de, dovolujeme si V\u00e1m nab\u00eddnout denn\u00ed program pro d\u011bti v&nbsp;dob\u011b pr\u00e1zdnin.Program: v\u00fdtvarn\u00e9 a rukod\u011bln\u00e9 \u010dinnosti, keramika, hry, vych\u00e1zky, \u010detba, hudebn\u00ed n\u00e1stroje v\u00edt\u00e1ny! V&nbsp;dob\u011b: od 7:30 do 16 hodin Posledn\u00ed den ve\u010dern\u00ed T\u00c1BOR\u00c1K Mo\u017enosti pobytu:A \u2014 dopoledn\u00ed: [&hellip;]<\/p>\n","protected":false},"author":4,"featured_media":0,"parent":0,"menu_order":0,"comment_status":"closed","ping_status":"closed","template":"","meta":{"footnotes":""},"class_list":["post-168","page","type-page","status-publish","hentry"],"_links":{"self":[{"href":"https:\/\/kvak.info\/index.php\/wp-json\/wp\/v2\/pages\/168","targetHints":{"allow":["GET"]}}],"collection":[{"href":"https:\/\/kvak.info\/index.php\/wp-json\/wp\/v2\/pages"}],"about":[{"href":"https:\/\/kvak.info\/index.php\/wp-json\/wp\/v2\/types\/page"}],"author":[{"embeddable":true,"href":"https:\/\/kvak.info\/index.php\/wp-json\/wp\/v2\/users\/4"}],"replies":[{"embeddable":true,"href":"https:\/\/kvak.info\/index.php\/wp-json\/wp\/v2\/comments?post=168"}],"version-history":[{"count":6,"href":"https:\/\/kvak.info\/index.php\/wp-json\/wp\/v2\/pages\/168\/revisions"}],"predecessor-version":[{"id":366,"href":"https:\/\/kvak.info\/index.php\/wp-json\/wp\/v2\/pages\/168\/revisions\/366"}],"wp:attachment":[{"href":"https:\/\/kvak.info\/index.php\/wp-json\/wp\/v2\/media?parent=168"}],"curies":[{"name":"wp","href":"https:\/\/api.w.org\/{rel}","templated":true}]}}