{"id":90,"date":"2025-02-12T21:58:22","date_gmt":"2025-02-12T20:58:22","guid":{"rendered":"http:\/\/kvak.info\/?page_id=90"},"modified":"2026-02-12T15:06:25","modified_gmt":"2026-02-12T14:06:25","slug":"keramicky-vytvarny-atelier-konesin-o-p-s","status":"publish","type":"page","link":"https:\/\/kvak.info\/","title":{"rendered":"Keramick\u00fd v\u00fdtvarn\u00fd ateli\u00e9r Kon\u011b\u0161\u00edn, o.p.s."},"content":{"rendered":"\n<p>Ateli\u00e9r Kon\u011b\u0161\u00edn je skv\u011blou o\u00e1zou pro ka\u017ed\u00e9ho, kdo chce na chv\u00edli vypnout, u\u0161pinit si ruce od hl\u00edny a pak si d\u00e1t vychlazen\u00e9 pivo na zahr\u00e1dce.<\/p>\n\n\n\n<figure class=\"wp-block-image size-full\"><img loading=\"lazy\" decoding=\"async\" width=\"960\" height=\"643\" src=\"https:\/\/www.kvak.info\/wp-content\/uploads\/2026\/02\/atelier-KVAK-foto-ze-dvora.jpg\" alt=\"\" class=\"wp-image-390\" srcset=\"https:\/\/kvak.info\/wp-content\/uploads\/2026\/02\/atelier-KVAK-foto-ze-dvora.jpg 960w, https:\/\/kvak.info\/wp-content\/uploads\/2026\/02\/atelier-KVAK-foto-ze-dvora-300x201.jpg 300w, https:\/\/kvak.info\/wp-content\/uploads\/2026\/02\/atelier-KVAK-foto-ze-dvora-768x514.jpg 768w, https:\/\/kvak.info\/wp-content\/uploads\/2026\/02\/atelier-KVAK-foto-ze-dvora-600x402.jpg 600w\" sizes=\"auto, (max-width: 960px) 100vw, 960px\" \/><\/figure>\n\n\n\n<p class=\"has-medium-font-size\"><strong>Vym\u011b\u0148te stres za hl\u00ednu a klid venkova!\u00a0<\/strong><\/p>\n\n\n\n<p class=\"has-medium-font-size\">Hled\u00e1te \u00fanik z ka\u017edodenn\u00edho shonu? Chcete si vyzkou\u0161et \u0159emeslo, kter\u00e9 prov\u00e1z\u00ed lidstvo od nepam\u011bti? <strong>Keramick\u00fd v\u00fdtvarn\u00fd ateli\u00e9r Kon\u011b\u0161\u00edn<\/strong> otev\u00edr\u00e1 sv\u00e9 br\u00e1ny v\u0161em \u2013 od \u00fapln\u00fdch za\u010d\u00e1te\u010dn\u00edk\u016f a\u017e po zku\u0161en\u00e9 tvo\u0159ivce.<\/p>\n\n\n\n<p class=\"has-medium-font-size\">Po n\u011bkolika hodin\u00e1ch soust\u0159ed\u011bn\u00e9 pr\u00e1ce s hl\u00ednou, kdy \u010dlov\u011bk zapojuje kreativitu a jemnou motoriku, p\u0159ich\u00e1z\u00ed p\u0159irozen\u00fd hlad. M\u00edstn\u00ed hosp\u016fdka nab\u00edz\u00ed okam\u017eit\u00fd p\u0159echod do relaxa\u010dn\u00edho re\u017eimu u dobr\u00e9ho j\u00eddla a pit\u00ed, kde m\u016f\u017eete probrat sv\u00e9 tv\u016fr\u010d\u00ed \u00fasp\u011bchy s ostatn\u00edmi.<\/p>\n\n\n\n<p><\/p>\n\n\n\n\n\n\n<p class=\"has-medium-font-size\">D\u00edky mo\u017enosti ubytov\u00e1n\u00ed se z oby\u010dejn\u00e9ho kurzu st\u00e1v\u00e1 \u201eum\u011bleck\u00fd retreat\u201c. Nemus\u00edte po skon\u010den\u00ed workshopu sp\u011bchat dom\u016f; sta\u010d\u00ed vyj\u00edt p\u00e1r schod\u016f a odpo\u010d\u00edvat v \u00fatuln\u00e9m pokoji. <\/p>\n\n\n\n<p class=\"has-medium-font-size\">Cel\u00fd objekt d\u00fdch\u00e1 soudr\u017enost\u00ed. \u010casto se st\u00e1v\u00e1, \u017ee na stolech v hosp\u016fdce vid\u00edte \u010derstv\u011b vymodelovan\u00e9 kousky, kter\u00e9 schnou p\u0159ed v\u00fdpalem, co\u017e d\u00e1v\u00e1 m\u00edstu neopakovatelnou autentickou atmosf\u00e9ru.<\/p>\n\n\n\n<p class=\"has-medium-font-size\">Tato kombinace je perfektn\u00ed pro rodinn\u00e9 v\u00fdlety, d\u00e1msk\u00e9 j\u00edzdy, oslavy nebo firemn\u00ed akce. Zat\u00edmco jedna \u010d\u00e1st skupiny tvo\u0159\u00ed v ateli\u00e9ru, druh\u00e1 m\u016f\u017ee relaxovat na terase hosp\u016fdky, a ve\u010der se v\u0161ichni sejdou u spole\u010dn\u00e9 ve\u010de\u0159e a n\u00e1sledn\u011b v klidu p\u0159esp\u00ed.<\/p>\n\n\n\n<p>Nab\u00edz\u00edme:<\/p>\n\n\n\n<figure class=\"wp-block-gallery alignwide has-nested-images columns-4 is-cropped wp-block-gallery-1 is-layout-flex wp-block-gallery-is-layout-flex\" style=\"border-style:none;border-width:0px;border-radius:0px\">\n<figure class=\"wp-block-image size-large\"><a href=\"http:\/\/kvak.info\/index.php\/kurzy-toceni-2025\/\"><img loading=\"lazy\" decoding=\"async\" width=\"1200\" height=\"806\" data-id=\"102\" src=\"http:\/\/kvak.info\/wp-content\/uploads\/2025\/02\/toceni.jpg\" alt=\"\" class=\"wp-image-102\"\/><\/a><figcaption class=\"wp-element-caption\">Kurzy to\u010den\u00ed <\/figcaption><\/figure>\n\n\n\n<figure class=\"wp-block-image size-large\"><img loading=\"lazy\" decoding=\"async\" width=\"1024\" height=\"768\" data-id=\"339\" src=\"https:\/\/www.kvak.info\/wp-content\/uploads\/2025\/12\/PHOTO-2025-11-21-14-43-08-1024x768.jpg\" alt=\"\" class=\"wp-image-339\" srcset=\"https:\/\/kvak.info\/wp-content\/uploads\/2025\/12\/PHOTO-2025-11-21-14-43-08-1024x768.jpg 1024w, https:\/\/kvak.info\/wp-content\/uploads\/2025\/12\/PHOTO-2025-11-21-14-43-08-300x225.jpg 300w, https:\/\/kvak.info\/wp-content\/uploads\/2025\/12\/PHOTO-2025-11-21-14-43-08-768x576.jpg 768w, https:\/\/kvak.info\/wp-content\/uploads\/2025\/12\/PHOTO-2025-11-21-14-43-08-1536x1152.jpg 1536w, https:\/\/kvak.info\/wp-content\/uploads\/2025\/12\/PHOTO-2025-11-21-14-43-08-600x450.jpg 600w, https:\/\/kvak.info\/wp-content\/uploads\/2025\/12\/PHOTO-2025-11-21-14-43-08.jpg 1600w\" sizes=\"auto, (max-width: 1024px) 100vw, 1024px\" \/><figcaption class=\"wp-element-caption\">Kurz prostorov\u00e9ho vytv\u00e1\u0159en\u00ed, modelov\u00e1n\u00ed a sympozium <\/figcaption><\/figure>\n\n\n\n<figure class=\"wp-block-image size-full\"><img loading=\"lazy\" decoding=\"async\" width=\"1024\" height=\"768\" data-id=\"358\" src=\"https:\/\/www.kvak.info\/wp-content\/uploads\/2025\/12\/a6613-ubytovani-keramicky-atelier-k-20231213-010044-8143.jpg\" alt=\"\" class=\"wp-image-358\" srcset=\"https:\/\/kvak.info\/wp-content\/uploads\/2025\/12\/a6613-ubytovani-keramicky-atelier-k-20231213-010044-8143.jpg 1024w, https:\/\/kvak.info\/wp-content\/uploads\/2025\/12\/a6613-ubytovani-keramicky-atelier-k-20231213-010044-8143-300x225.jpg 300w, https:\/\/kvak.info\/wp-content\/uploads\/2025\/12\/a6613-ubytovani-keramicky-atelier-k-20231213-010044-8143-768x576.jpg 768w, https:\/\/kvak.info\/wp-content\/uploads\/2025\/12\/a6613-ubytovani-keramicky-atelier-k-20231213-010044-8143-600x450.jpg 600w\" sizes=\"auto, (max-width: 1024px) 100vw, 1024px\" \/><figcaption class=\"wp-element-caption\">Ubytov\u00e1n\u00ed<\/figcaption><\/figure>\n\n\n\n<figure class=\"wp-block-image size-large\"><a href=\"http:\/\/kvak.info\/index.php\/jednodenni-vylety-pro-skoly\/\"><img loading=\"lazy\" decoding=\"async\" width=\"960\" height=\"643\" data-id=\"105\" src=\"http:\/\/kvak.info\/wp-content\/uploads\/2025\/02\/323.jpg\" alt=\"\" class=\"wp-image-105\"\/><\/a><figcaption class=\"wp-element-caption\">Jednodenn\u00ed v\u00fdlety pro \u0161koly<\/figcaption><\/figure>\n<\/figure>\n\n\n\n<figure class=\"wp-block-gallery alignwide has-nested-images columns-4 is-cropped wp-block-gallery-2 is-layout-flex wp-block-gallery-is-layout-flex\">\n<figure class=\"wp-block-image size-full\"><img loading=\"lazy\" decoding=\"async\" width=\"960\" height=\"645\" data-id=\"108\" src=\"https:\/\/www.kvak.info\/wp-content\/uploads\/2025\/02\/kruh.jpg\" alt=\"\" class=\"wp-image-108\"\/><figcaption class=\"wp-element-caption\">Kurz prostorov\u00e9ho vytv\u00e1\u0159en\u00ed, modelov\u00e1n\u00ed a sympozium 2025<\/figcaption><\/figure>\n\n\n\n<figure class=\"wp-block-image size-large\"><a href=\"http:\/\/kvak.info\/index.php\/tabor-s-keramikou-vytvarnymi-cinostmi-sportem-turistikou-a-predevsim-hrou\/\"><img loading=\"lazy\" decoding=\"async\" width=\"627\" height=\"467\" data-id=\"119\" src=\"http:\/\/kvak.info\/wp-content\/uploads\/2025\/02\/326-edit.jpg\" alt=\"\" class=\"wp-image-119\"\/><\/a><figcaption class=\"wp-element-caption\">Pobytov\u00fd t\u00e1bor s keramikou <\/figcaption><\/figure>\n\n\n\n<figure class=\"wp-block-image size-full\"><img loading=\"lazy\" decoding=\"async\" width=\"960\" height=\"643\" data-id=\"165\" src=\"https:\/\/www.kvak.info\/wp-content\/uploads\/2025\/02\/327-1.jpg\" alt=\"\" class=\"wp-image-165\"\/><figcaption class=\"wp-element-caption\">Hosp\u016fdka<\/figcaption><\/figure>\n\n\n\n<figure class=\"wp-block-image size-large\"><a href=\"http:\/\/kvak.info\/index.php\/vesnicky-tabor-v-kvaku-2025\/\"><img loading=\"lazy\" decoding=\"async\" width=\"960\" height=\"643\" data-id=\"106\" src=\"http:\/\/kvak.info\/wp-content\/uploads\/2025\/02\/335.jpg\" alt=\"\" class=\"wp-image-106\"\/><\/a><figcaption class=\"wp-element-caption\">Vesnick\u00fd t\u00e1bor <\/figcaption><\/figure>\n<\/figure>\n\n\n\n<p><\/p>\n","protected":false},"excerpt":{"rendered":"<p>Ateli\u00e9r Kon\u011b\u0161\u00edn je skv\u011blou o\u00e1zou pro ka\u017ed\u00e9ho, kdo chce na chv\u00edli vypnout, u\u0161pinit si ruce od hl\u00edny a pak si d\u00e1t vychlazen\u00e9 pivo na zahr\u00e1dce. Vym\u011b\u0148te stres za hl\u00ednu a klid venkova!\u00a0 Hled\u00e1te \u00fanik z ka\u017edodenn\u00edho shonu? Chcete si vyzkou\u0161et \u0159emeslo, kter\u00e9 prov\u00e1z\u00ed lidstvo od nepam\u011bti? Keramick\u00fd v\u00fdtvarn\u00fd ateli\u00e9r Kon\u011b\u0161\u00edn otev\u00edr\u00e1 sv\u00e9 br\u00e1ny v\u0161em \u2013 [&hellip;]<\/p>\n","protected":false},"author":4,"featured_media":0,"parent":0,"menu_order":0,"comment_status":"closed","ping_status":"closed","template":"","meta":{"footnotes":""},"class_list":["post-90","page","type-page","status-publish","hentry"],"_links":{"self":[{"href":"https:\/\/kvak.info\/index.php\/wp-json\/wp\/v2\/pages\/90","targetHints":{"allow":["GET"]}}],"collection":[{"href":"https:\/\/kvak.info\/index.php\/wp-json\/wp\/v2\/pages"}],"about":[{"href":"https:\/\/kvak.info\/index.php\/wp-json\/wp\/v2\/types\/page"}],"author":[{"embeddable":true,"href":"https:\/\/kvak.info\/index.php\/wp-json\/wp\/v2\/users\/4"}],"replies":[{"embeddable":true,"href":"https:\/\/kvak.info\/index.php\/wp-json\/wp\/v2\/comments?post=90"}],"version-history":[{"count":29,"href":"https:\/\/kvak.info\/index.php\/wp-json\/wp\/v2\/pages\/90\/revisions"}],"predecessor-version":[{"id":593,"href":"https:\/\/kvak.info\/index.php\/wp-json\/wp\/v2\/pages\/90\/revisions\/593"}],"wp:attachment":[{"href":"https:\/\/kvak.info\/index.php\/wp-json\/wp\/v2\/media?parent=90"}],"curies":[{"name":"wp","href":"https:\/\/api.w.org\/{rel}","templated":true}]}}