{"id":493,"date":"2026-03-04T21:31:37","date_gmt":"2026-03-04T20:31:37","guid":{"rendered":"https:\/\/www.kvak.info\/?post_type=product&#038;p=493"},"modified":"2026-03-16T15:47:07","modified_gmt":"2026-03-16T14:47:07","slug":"493","status":"publish","type":"product","link":"https:\/\/kvak.info\/index.php\/produkt\/493\/","title":{"rendered":"D\u00d3ZA \u0160ED\u00c1 S V\u00cdKEM"},"content":{"rendered":"<p>AUTOR<\/p>\n<p>Jan J\u00e1nsk\u00fd<\/p>\n","protected":false},"excerpt":{"rendered":"<p>ROZM\u011aRY<\/p>\n<p>\u0160\u00ed\u0159ka: 20cm<\/p>\n<p>V\u00fd\u0161ka: 15cm<\/p>\n","protected":false},"featured_media":494,"template":"","meta":[],"product_brand":[],"product_cat":[28],"product_tag":[],"class_list":{"0":"post-493","1":"product","2":"type-product","3":"status-publish","4":"has-post-thumbnail","6":"product_cat-raku","8":"first","9":"instock","10":"shipping-taxable","11":"purchasable","12":"product-type-simple"},"_links":{"self":[{"href":"https:\/\/kvak.info\/index.php\/wp-json\/wp\/v2\/product\/493","targetHints":{"allow":["GET"]}}],"collection":[{"href":"https:\/\/kvak.info\/index.php\/wp-json\/wp\/v2\/product"}],"about":[{"href":"https:\/\/kvak.info\/index.php\/wp-json\/wp\/v2\/types\/product"}],"wp:featuredmedia":[{"embeddable":true,"href":"https:\/\/kvak.info\/index.php\/wp-json\/wp\/v2\/media\/494"}],"wp:attachment":[{"href":"https:\/\/kvak.info\/index.php\/wp-json\/wp\/v2\/media?parent=493"}],"wp:term":[{"taxonomy":"product_brand","embeddable":true,"href":"https:\/\/kvak.info\/index.php\/wp-json\/wp\/v2\/product_brand?post=493"},{"taxonomy":"product_cat","embeddable":true,"href":"https:\/\/kvak.info\/index.php\/wp-json\/wp\/v2\/product_cat?post=493"},{"taxonomy":"product_tag","embeddable":true,"href":"https:\/\/kvak.info\/index.php\/wp-json\/wp\/v2\/product_tag?post=493"}],"curies":[{"name":"wp","href":"https:\/\/api.w.org\/{rel}","templated":true}]}}