{"id":690,"date":"2026-03-12T19:50:10","date_gmt":"2026-03-12T18:50:10","guid":{"rendered":"https:\/\/www.kvak.info\/?post_type=product&#038;p=690"},"modified":"2026-03-16T15:43:35","modified_gmt":"2026-03-16T14:43:35","slug":"raku-miska-iii","status":"publish","type":"product","link":"https:\/\/kvak.info\/index.php\/produkt\/raku-miska-iii\/","title":{"rendered":"RAKU MISKA III"},"content":{"rendered":"<p>AUTOR<\/p>\n<p>Ingrid Zelmanov\u00e1<\/p>\n","protected":false},"excerpt":{"rendered":"<p>ROZM\u011aRY<\/p>\n<p>\u0160\u00ed\u0159ka: 19cm<\/p>\n<p>V\u00fd\u0161ka: 4cm<\/p>\n","protected":false},"featured_media":660,"template":"","meta":[],"product_brand":[],"product_cat":[28],"product_tag":[],"class_list":{"0":"post-690","1":"product","2":"type-product","3":"status-publish","4":"has-post-thumbnail","6":"product_cat-raku","8":"first","9":"instock","10":"sold-individually","11":"shipping-taxable","12":"purchasable","13":"product-type-simple"},"_links":{"self":[{"href":"https:\/\/kvak.info\/index.php\/wp-json\/wp\/v2\/product\/690","targetHints":{"allow":["GET"]}}],"collection":[{"href":"https:\/\/kvak.info\/index.php\/wp-json\/wp\/v2\/product"}],"about":[{"href":"https:\/\/kvak.info\/index.php\/wp-json\/wp\/v2\/types\/product"}],"wp:featuredmedia":[{"embeddable":true,"href":"https:\/\/kvak.info\/index.php\/wp-json\/wp\/v2\/media\/660"}],"wp:attachment":[{"href":"https:\/\/kvak.info\/index.php\/wp-json\/wp\/v2\/media?parent=690"}],"wp:term":[{"taxonomy":"product_brand","embeddable":true,"href":"https:\/\/kvak.info\/index.php\/wp-json\/wp\/v2\/product_brand?post=690"},{"taxonomy":"product_cat","embeddable":true,"href":"https:\/\/kvak.info\/index.php\/wp-json\/wp\/v2\/product_cat?post=690"},{"taxonomy":"product_tag","embeddable":true,"href":"https:\/\/kvak.info\/index.php\/wp-json\/wp\/v2\/product_tag?post=690"}],"curies":[{"name":"wp","href":"https:\/\/api.w.org\/{rel}","templated":true}]}}